{"id":4010,"date":"2019-03-22T09:04:51","date_gmt":"2019-03-22T09:04:51","guid":{"rendered":"http:\/\/oninspecte.ga\/?page_id=4010"},"modified":"2023-05-25T13:54:26","modified_gmt":"2023-05-25T13:54:26","slug":"contact-us","status":"publish","type":"page","link":"https:\/\/oninspecte.mwhost.ca\/en\/contact-us\/","title":{"rendered":"Contact"},"content":{"rendered":"\t\t<div data-elementor-type=\"wp-post\" data-elementor-id=\"4010\" class=\"elementor elementor-4010\" data-elementor-settings=\"[]\">\n\t\t\t\t\t\t<div class=\"elementor-inner\">\n\t\t\t\t\t\t\t<div class=\"elementor-section-wrap\">\n\t\t\t\t\t\t\t<section class=\"elementor-section elementor-top-section elementor-element elementor-element-5869854f elementor-section-boxed elementor-section-height-default elementor-section-height-default\" data-id=\"5869854f\" data-element_type=\"section\">\n\t\t\t\t\t\t<div class=\"elementor-container elementor-column-gap-default\">\n\t\t\t\t\t\t\t<div class=\"elementor-row\">\n\t\t\t\t\t<div class=\"elementor-column elementor-col-100 elementor-top-column elementor-element elementor-element-2e14292a\" data-id=\"2e14292a\" data-element_type=\"column\">\n\t\t\t<div class=\"elementor-column-wrap elementor-element-populated\">\n\t\t\t\t\t\t\t<div class=\"elementor-widget-wrap\">\n\t\t\t\t\t\t<div class=\"elementor-element elementor-element-281284f elementor-widget elementor-widget-rt-widget-title\" data-id=\"281284f\" data-element_type=\"widget\" data-widget_type=\"rt-widget-title.default\">\n\t\t\t\t<div class=\"elementor-widget-container\">\n\t\t\t<div class=\"rtel-widget-title text-center\">\n  <h2 class=\"rtin-title  before-border-center\">\n    Our offices  <\/h2>\n<\/div>\n\n\t\t<\/div>\n\t\t\t\t<\/div>\n\t\t\t\t<section class=\"elementor-section elementor-inner-section elementor-element elementor-element-a7f4375 elementor-section-boxed elementor-section-height-default elementor-section-height-default\" data-id=\"a7f4375\" data-element_type=\"section\">\n\t\t\t\t\t\t<div class=\"elementor-container elementor-column-gap-default\">\n\t\t\t\t\t\t\t<div class=\"elementor-row\">\n\t\t\t\t\t<div class=\"elementor-column elementor-col-33 elementor-inner-column elementor-element elementor-element-2fecf32\" data-id=\"2fecf32\" data-element_type=\"column\">\n\t\t\t<div class=\"elementor-column-wrap elementor-element-populated\">\n\t\t\t\t\t\t\t<div class=\"elementor-widget-wrap\">\n\t\t\t\t\t\t<div class=\"elementor-element elementor-element-3002a7c elementor-widget elementor-widget-rt-radius-address\" data-id=\"3002a7c\" data-element_type=\"widget\" data-widget_type=\"rt-radius-address.default\">\n\t\t\t\t<div class=\"elementor-widget-container\">\n\t\t\t<div class=\"rtel-address\">\n  <h3 class=\"item-title title-bar-lg title\">Terrebonne<\/h3>\n  <div>\n    Tel. <i>514 447-4207 <\/i><br \/>\nCourriel. info@oninspecte.ca<br \/>\nDisponibilit\u00e9s. 7 jours sur 7  <\/div>\n<\/div>\n\t\t<\/div>\n\t\t\t\t<\/div>\n\t\t\t\t\t\t<\/div>\n\t\t\t\t\t<\/div>\n\t\t<\/div>\n\t\t\t\t<div class=\"elementor-column elementor-col-33 elementor-inner-column elementor-element elementor-element-0411544\" data-id=\"0411544\" data-element_type=\"column\">\n\t\t\t<div class=\"elementor-column-wrap elementor-element-populated\">\n\t\t\t\t\t\t\t<div class=\"elementor-widget-wrap\">\n\t\t\t\t\t\t<div class=\"elementor-element elementor-element-4414782 elementor-widget elementor-widget-rt-radius-address\" data-id=\"4414782\" data-element_type=\"widget\" data-widget_type=\"rt-radius-address.default\">\n\t\t\t\t<div class=\"elementor-widget-container\">\n\t\t\t<div class=\"rtel-address\">\n  <h3 class=\"item-title title-bar-lg title\">Beloeil <\/h3>\n  <div>\n    Tel. <i>514 447-4207 <\/i><br \/>\nCourriel. info@oninspecte.ca<br \/>\nDisponibilit\u00e9s. 7 jours sur 7  <\/div>\n<\/div>\n\t\t<\/div>\n\t\t\t\t<\/div>\n\t\t\t\t\t\t<\/div>\n\t\t\t\t\t<\/div>\n\t\t<\/div>\n\t\t\t\t<div class=\"elementor-column elementor-col-33 elementor-inner-column elementor-element elementor-element-550093d\" data-id=\"550093d\" data-element_type=\"column\">\n\t\t\t<div class=\"elementor-column-wrap elementor-element-populated\">\n\t\t\t\t\t\t\t<div class=\"elementor-widget-wrap\">\n\t\t\t\t\t\t<div class=\"elementor-element elementor-element-773e935 elementor-widget elementor-widget-rt-radius-address\" data-id=\"773e935\" data-element_type=\"widget\" data-widget_type=\"rt-radius-address.default\">\n\t\t\t\t<div class=\"elementor-widget-container\">\n\t\t\t<div class=\"rtel-address\">\n  <h3 class=\"item-title title-bar-lg title\">Montreal<\/h3>\n  <div>\n    Tel. <i>514 447-4207 <\/i><br \/>\nCourriel. info@oninspecte.ca<br \/>\nDisponibilit\u00e9s. 7 jours sur 7  <\/div>\n<\/div>\n\t\t<\/div>\n\t\t\t\t<\/div>\n\t\t\t\t\t\t<\/div>\n\t\t\t\t\t<\/div>\n\t\t<\/div>\n\t\t\t\t\t\t\t\t<\/div>\n\t\t\t\t\t<\/div>\n\t\t<\/section>\n\t\t\t\t\t\t<\/div>\n\t\t\t\t\t<\/div>\n\t\t<\/div>\n\t\t\t\t\t\t\t\t<\/div>\n\t\t\t\t\t<\/div>\n\t\t<\/section>\n\t\t\t\t<section class=\"elementor-section elementor-top-section elementor-element elementor-element-9428a8c elementor-section-stretched elementor-section-boxed elementor-section-height-default elementor-section-height-default\" data-id=\"9428a8c\" data-element_type=\"section\" data-settings=\"{&quot;stretch_section&quot;:&quot;section-stretched&quot;,&quot;background_background&quot;:&quot;classic&quot;}\">\n\t\t\t\t\t\t<div class=\"elementor-container elementor-column-gap-default\">\n\t\t\t\t\t\t\t<div class=\"elementor-row\">\n\t\t\t\t\t<div class=\"elementor-column elementor-col-50 elementor-top-column elementor-element elementor-element-57aa0a14\" data-id=\"57aa0a14\" data-element_type=\"column\">\n\t\t\t<div class=\"elementor-column-wrap elementor-element-populated\">\n\t\t\t\t\t\t\t<div class=\"elementor-widget-wrap\">\n\t\t\t\t\t\t<div class=\"elementor-element elementor-element-5f60011 elementor-widget elementor-widget-rt-widget-title\" data-id=\"5f60011\" data-element_type=\"widget\" data-widget_type=\"rt-widget-title.default\">\n\t\t\t\t<div class=\"elementor-widget-container\">\n\t\t\t<div class=\"rtel-widget-title text-left\">\n  <h2 class=\"rtin-title  \">\n    We love to hear from you  <\/h2>\n<\/div>\n\n\t\t<\/div>\n\t\t\t\t<\/div>\n\t\t\t\t<div class=\"elementor-element elementor-element-4784be4f elementor-widget elementor-widget-heading\" data-id=\"4784be4f\" data-element_type=\"widget\" data-widget_type=\"heading.default\">\n\t\t\t\t<div class=\"elementor-widget-container\">\n\t\t\t<p class=\"elementor-heading-title elementor-size-default\">Please contact us by phone or email and we will be happy to assist you.<\/p>\t\t<\/div>\n\t\t\t\t<\/div>\n\t\t\t\t<div class=\"elementor-element elementor-element-4a2e7e24 elementor-widget elementor-widget-shortcode\" data-id=\"4a2e7e24\" data-element_type=\"widget\" data-widget_type=\"shortcode.default\">\n\t\t\t\t<div class=\"elementor-widget-container\">\n\t\t\t\t\t<div class=\"elementor-shortcode\"><div role=\"form\" class=\"wpcf7\" id=\"wpcf7-f5192-o1\" lang=\"en-US\" dir=\"ltr\">\n<div class=\"screen-reader-response\"><p role=\"status\" aria-live=\"polite\" aria-atomic=\"true\"><\/p> <ul><\/ul><\/div>\n<form action=\"\/en\/wp-json\/wp\/v2\/pages\/4010#wpcf7-f5192-o1\" method=\"post\" class=\"wpcf7-form init\" novalidate=\"novalidate\" data-status=\"init\">\n<div style=\"display: none;\">\n<input type=\"hidden\" name=\"_wpcf7\" value=\"5192\" \/>\n<input type=\"hidden\" name=\"_wpcf7_version\" value=\"5.6.4\" \/>\n<input type=\"hidden\" name=\"_wpcf7_locale\" value=\"en_US\" \/>\n<input type=\"hidden\" name=\"_wpcf7_unit_tag\" value=\"wpcf7-f5192-o1\" \/>\n<input type=\"hidden\" name=\"_wpcf7_container_post\" value=\"0\" \/>\n<input type=\"hidden\" name=\"_wpcf7_posted_data_hash\" value=\"\" \/>\n<input type=\"hidden\" name=\"_wpcf7_recaptcha_response\" value=\"\" \/>\n<\/div>\n<div class=\"contact-form-box\">\n<div class=\"row gutters-10\">\n<div class=\"col-lg-6 col-md-6 col-sm-6 col-12 form-group\"> <span class=\"wpcf7-form-control-wrap\" data-name=\"first_name\"><input type=\"text\" name=\"first_name\" value=\"\" size=\"40\" class=\"wpcf7-form-control wpcf7-text wpcf7-validates-as-required form-control\" aria-required=\"true\" aria-invalid=\"false\" placeholder=\"First Name*\" \/><\/span><\/div>\n<div class=\"col-lg-6 col-md-6 col-sm-6 col-12 form-group\"> <span class=\"wpcf7-form-control-wrap\" data-name=\"last_name\"><input type=\"text\" name=\"last_name\" value=\"\" size=\"40\" class=\"wpcf7-form-control wpcf7-text wpcf7-validates-as-required form-control\" aria-required=\"true\" aria-invalid=\"false\" placeholder=\"Last Name*\" \/><\/span><\/div>\n<div class=\"col-lg-6 col-md-6 col-sm-6 col-12 form-group\"> <span class=\"wpcf7-form-control-wrap\" data-name=\"phone\"><input type=\"text\" name=\"phone\" value=\"\" size=\"40\" class=\"wpcf7-form-control wpcf7-text form-control\" aria-invalid=\"false\" placeholder=\"Phone Number\" \/><\/span><\/div>\n<div class=\"col-lg-6 col-md-6 col-sm-6 col-12 form-group\"> <span class=\"wpcf7-form-control-wrap\" data-name=\"useremail\"><input type=\"email\" name=\"useremail\" value=\"\" size=\"40\" class=\"wpcf7-form-control wpcf7-text wpcf7-email wpcf7-validates-as-required wpcf7-validates-as-email form-control\" aria-required=\"true\" aria-invalid=\"false\" placeholder=\"Email\" \/><\/span><\/div>\n<div class=\"col-12 form-group\"> <span class=\"wpcf7-form-control-wrap\" data-name=\"message\"><textarea name=\"message\" cols=\"40\" rows=\"10\" class=\"wpcf7-form-control wpcf7-textarea text-area form-control\" aria-invalid=\"false\" placeholder=\"Your Message Here\"><\/textarea><\/span><\/div>\n<div class=\"col-12 form-group margin-b-none\"><button type=\"submit\" class=\"contact-item-btn\">Send<\/button><\/div>\n<\/div>\n<\/div>\n<div class=\"wpcf7-response-output\" aria-hidden=\"true\"><\/div><\/form><\/div><\/div>\n\t\t\t\t<\/div>\n\t\t\t\t<\/div>\n\t\t\t\t\t\t<\/div>\n\t\t\t\t\t<\/div>\n\t\t<\/div>\n\t\t\t\t<div class=\"elementor-column elementor-col-50 elementor-top-column elementor-element elementor-element-28ba9acd\" data-id=\"28ba9acd\" data-element_type=\"column\">\n\t\t\t<div class=\"elementor-column-wrap elementor-element-populated\">\n\t\t\t\t\t\t\t<div class=\"elementor-widget-wrap\">\n\t\t\t\t\t\t<div class=\"elementor-element elementor-element-cfd6873 elementor-widget elementor-widget-text-editor\" data-id=\"cfd6873\" data-element_type=\"widget\" data-widget_type=\"text-editor.default\">\n\t\t\t\t<div class=\"elementor-widget-container\">\n\t\t\t\t\t<div class=\"elementor-text-editor elementor-clearfix\"><div id=\"circlemap\"><\/div><\/div>\n\t\t\t\t<\/div>\n\t\t\t\t<\/div>\n\t\t\t\t\t\t<\/div>\n\t\t\t\t\t<\/div>\n\t\t<\/div>\n\t\t\t\t\t\t\t\t<\/div>\n\t\t\t\t\t<\/div>\n\t\t<\/section>\n\t\t\t\t<section class=\"elementor-section elementor-top-section elementor-element elementor-element-106a606 elementor-section-full_width elementor-section-stretched elementor-section-height-default elementor-section-height-default\" data-id=\"106a606\" data-element_type=\"section\" data-settings=\"{&quot;stretch_section&quot;:&quot;section-stretched&quot;}\">\n\t\t\t\t\t\t<div class=\"elementor-container elementor-column-gap-no\">\n\t\t\t\t\t\t\t<div class=\"elementor-row\">\n\t\t\t\t\t<div class=\"elementor-column elementor-col-100 elementor-top-column elementor-element elementor-element-6434bf6\" data-id=\"6434bf6\" data-element_type=\"column\">\n\t\t\t<div class=\"elementor-column-wrap elementor-element-populated\">\n\t\t\t\t\t\t\t<div class=\"elementor-widget-wrap\">\n\t\t\t\t\t\t<div class=\"elementor-element elementor-element-38bc5a9 elementor-widget elementor-widget-rt-call-to-action\" data-id=\"38bc5a9\" data-element_type=\"widget\" data-widget_type=\"rt-call-to-action.default\">\n\t\t\t\t<div class=\"elementor-widget-container\">\n\t\t\t<section class=\"rtel-call-to-action \">\n  <div class=\"rtin-content\">\n    <div class=\"container\">\n      <div class=\"row\">\n        <div class=\"col-xl-9 col-lg-8 col-md-8 rtin-content-left\">\n          <h2>\n            LOOKING FOR A CERTIFIED INSPECTOR?           <\/h2>\n        <\/div>\n        <div class=\"col-xl-3 col-lg-4 col-md-4 rtin-content-right\">\n          <a class='item-btn' href='#'><span>Schedule an inspection<i class=\"fa fa-angle-right\"><\/i><\/span><\/a>        <\/div>\n      <\/div>\n    <\/div>\n  <\/div>\n<\/section>\n\t\t<\/div>\n\t\t\t\t<\/div>\n\t\t\t\t\t\t<\/div>\n\t\t\t\t\t<\/div>\n\t\t<\/div>\n\t\t\t\t\t\t\t\t<\/div>\n\t\t\t\t\t<\/div>\n\t\t<\/section>\n\t\t\t\t\t\t<\/div>\n\t\t\t\t\t\t<\/div>\n\t\t\t\t\t<\/div>\n\t\t","protected":false},"excerpt":{"rendered":"<p>Our offices Terrebonne Tel. 514 447-4207 Courriel. info@oninspecte.ca Disponibilit\u00e9s. 7 jours sur 7 Beloeil Tel. 514 447-4207 Courriel. info@oninspecte.ca Disponibilit\u00e9s. 7 jours sur 7 Montreal Tel. 514 447-4207 Courriel. info@oninspecte.ca Disponibilit\u00e9s. 7 jours sur 7 We love to hear from you Please contact us by phone or email and we will be happy to assist&#8230;<\/p>\n","protected":false},"author":1,"featured_media":0,"parent":0,"menu_order":0,"comment_status":"closed","ping_status":"closed","template":"","meta":[],"yoast_head":"<!-- This site is optimized with the Yoast SEO plugin v19.11 - https:\/\/yoast.com\/wordpress\/plugins\/seo\/ -->\n<title>Contact Us Today &amp; Book An Inspection<\/title>\n<meta name=\"description\" content=\"Please contact us by phone or email and we will be happy to assist you.\" \/>\n<meta name=\"robots\" content=\"index, follow, max-snippet:-1, max-image-preview:large, max-video-preview:-1\" \/>\n<link rel=\"canonical\" href=\"https:\/\/oninspecte.ca\/en\/contact-us\/\" \/>\n<meta property=\"og:locale\" content=\"en_US\" \/>\n<meta property=\"og:type\" content=\"article\" \/>\n<meta property=\"og:title\" content=\"Contact Us Today &amp; Book An Inspection\" \/>\n<meta property=\"og:description\" content=\"Please contact us by phone or email and we will be happy to assist you.\" \/>\n<meta property=\"og:url\" content=\"https:\/\/oninspecte.ca\/en\/contact-us\/\" \/>\n<meta property=\"og:site_name\" content=\"OnInspecte\" \/>\n<meta property=\"article:modified_time\" content=\"2023-05-25T13:54:26+00:00\" \/>\n<meta property=\"og:image\" content=\"https:\/\/oninspecte.mwhost.ca\/wp-content\/uploads\/2020\/10\/oninspecte-og.jpg\" \/>\n\t<meta property=\"og:image:width\" content=\"1203\" \/>\n\t<meta property=\"og:image:height\" content=\"606\" \/>\n\t<meta property=\"og:image:type\" content=\"image\/jpeg\" \/>\n<meta name=\"twitter:card\" content=\"summary_large_image\" \/>\n<meta name=\"twitter:label1\" content=\"Est. reading time\" \/>\n\t<meta name=\"twitter:data1\" content=\"1 minute\" \/>\n<script type=\"application\/ld+json\" class=\"yoast-schema-graph\">{\"@context\":\"https:\/\/schema.org\",\"@graph\":[{\"@type\":\"WebPage\",\"@id\":\"https:\/\/oninspecte.ca\/en\/contact-us\/\",\"url\":\"https:\/\/oninspecte.ca\/en\/contact-us\/\",\"name\":\"Contact Us Today & Book An Inspection\",\"isPartOf\":{\"@id\":\"https:\/\/oninspecte.ca\/en\/#website\"},\"datePublished\":\"2019-03-22T09:04:51+00:00\",\"dateModified\":\"2023-05-25T13:54:26+00:00\",\"description\":\"Please contact us by phone or email and we will be happy to assist you.\",\"breadcrumb\":{\"@id\":\"https:\/\/oninspecte.ca\/en\/contact-us\/#breadcrumb\"},\"inLanguage\":\"en-US\",\"potentialAction\":[{\"@type\":\"ReadAction\",\"target\":[\"https:\/\/oninspecte.ca\/en\/contact-us\/\"]}]},{\"@type\":\"BreadcrumbList\",\"@id\":\"https:\/\/oninspecte.ca\/en\/contact-us\/#breadcrumb\",\"itemListElement\":[{\"@type\":\"ListItem\",\"position\":1,\"name\":\"Home\",\"item\":\"https:\/\/oninspecte.ca\/en\/\"},{\"@type\":\"ListItem\",\"position\":2,\"name\":\"Contact\"}]},{\"@type\":\"WebSite\",\"@id\":\"https:\/\/oninspecte.ca\/en\/#website\",\"url\":\"https:\/\/oninspecte.ca\/en\/\",\"name\":\"OnInspecte\",\"description\":\"Just another WordPress site\",\"potentialAction\":[{\"@type\":\"SearchAction\",\"target\":{\"@type\":\"EntryPoint\",\"urlTemplate\":\"https:\/\/oninspecte.ca\/en\/?s={search_term_string}\"},\"query-input\":\"required name=search_term_string\"}],\"inLanguage\":\"en-US\"}]}<\/script>\n<!-- \/ Yoast SEO plugin. -->","yoast_head_json":{"title":"Contact Us Today & Book An Inspection","description":"Please contact us by phone or email and we will be happy to assist you.","robots":{"index":"index","follow":"follow","max-snippet":"max-snippet:-1","max-image-preview":"max-image-preview:large","max-video-preview":"max-video-preview:-1"},"canonical":"https:\/\/oninspecte.ca\/en\/contact-us\/","og_locale":"en_US","og_type":"article","og_title":"Contact Us Today & Book An Inspection","og_description":"Please contact us by phone or email and we will be happy to assist you.","og_url":"https:\/\/oninspecte.ca\/en\/contact-us\/","og_site_name":"OnInspecte","article_modified_time":"2023-05-25T13:54:26+00:00","og_image":[{"width":1203,"height":606,"url":"https:\/\/oninspecte.mwhost.ca\/wp-content\/uploads\/2020\/10\/oninspecte-og.jpg","type":"image\/jpeg"}],"twitter_card":"summary_large_image","twitter_misc":{"Est. reading time":"1 minute"},"schema":{"@context":"https:\/\/schema.org","@graph":[{"@type":"WebPage","@id":"https:\/\/oninspecte.ca\/en\/contact-us\/","url":"https:\/\/oninspecte.ca\/en\/contact-us\/","name":"Contact Us Today & Book An Inspection","isPartOf":{"@id":"https:\/\/oninspecte.ca\/en\/#website"},"datePublished":"2019-03-22T09:04:51+00:00","dateModified":"2023-05-25T13:54:26+00:00","description":"Please contact us by phone or email and we will be happy to assist you.","breadcrumb":{"@id":"https:\/\/oninspecte.ca\/en\/contact-us\/#breadcrumb"},"inLanguage":"en-US","potentialAction":[{"@type":"ReadAction","target":["https:\/\/oninspecte.ca\/en\/contact-us\/"]}]},{"@type":"BreadcrumbList","@id":"https:\/\/oninspecte.ca\/en\/contact-us\/#breadcrumb","itemListElement":[{"@type":"ListItem","position":1,"name":"Home","item":"https:\/\/oninspecte.ca\/en\/"},{"@type":"ListItem","position":2,"name":"Contact"}]},{"@type":"WebSite","@id":"https:\/\/oninspecte.ca\/en\/#website","url":"https:\/\/oninspecte.ca\/en\/","name":"OnInspecte","description":"Just another WordPress site","potentialAction":[{"@type":"SearchAction","target":{"@type":"EntryPoint","urlTemplate":"https:\/\/oninspecte.ca\/en\/?s={search_term_string}"},"query-input":"required name=search_term_string"}],"inLanguage":"en-US"}]}},"_links":{"self":[{"href":"https:\/\/oninspecte.mwhost.ca\/en\/wp-json\/wp\/v2\/pages\/4010"}],"collection":[{"href":"https:\/\/oninspecte.mwhost.ca\/en\/wp-json\/wp\/v2\/pages"}],"about":[{"href":"https:\/\/oninspecte.mwhost.ca\/en\/wp-json\/wp\/v2\/types\/page"}],"author":[{"embeddable":true,"href":"https:\/\/oninspecte.mwhost.ca\/en\/wp-json\/wp\/v2\/users\/1"}],"replies":[{"embeddable":true,"href":"https:\/\/oninspecte.mwhost.ca\/en\/wp-json\/wp\/v2\/comments?post=4010"}],"version-history":[{"count":72,"href":"https:\/\/oninspecte.mwhost.ca\/en\/wp-json\/wp\/v2\/pages\/4010\/revisions"}],"predecessor-version":[{"id":8191,"href":"https:\/\/oninspecte.mwhost.ca\/en\/wp-json\/wp\/v2\/pages\/4010\/revisions\/8191"}],"wp:attachment":[{"href":"https:\/\/oninspecte.mwhost.ca\/en\/wp-json\/wp\/v2\/media?parent=4010"}],"curies":[{"name":"wp","href":"https:\/\/api.w.org\/{rel}","templated":true}]}}